{"id":2,"date":"2021-08-12T12:20:25","date_gmt":"2021-08-12T10:20:25","guid":{"rendered":"http:\/\/webtest.esencialnikarty.cz\/?page_id=2"},"modified":"2022-12-20T13:46:29","modified_gmt":"2022-12-20T12:46:29","slug":"uvod","status":"publish","type":"page","link":"https:\/\/www.esencialnikarty.cz\/","title":{"rendered":"Czech Edition"},"content":{"rendered":"\n<h1>Oracle of the Essences \u2013 Czech Edition<\/h1>\n\n\n\n<p><\/p>\n\n\n\n<div class=\"wp-block-cover alignwide has-white-background-color\" style=\"min-height:519px\"><img loading=\"lazy\" width=\"1024\" height=\"512\" class=\"wp-block-cover__image-background wp-image-241\" alt=\"\" src=\"https:\/\/www.esencialnikarty.cz\/wp-content\/uploads\/2021\/08\/blue-butterfly.jpg\" style=\"object-position:58% 19%\" data-object-fit=\"cover\" data-object-position=\"58% 19%\" srcset=\"https:\/\/www.esencialnikarty.cz\/wp-content\/uploads\/2021\/08\/blue-butterfly.jpg 1024w, https:\/\/www.esencialnikarty.cz\/wp-content\/uploads\/2021\/08\/blue-butterfly-300x150.jpg 300w, https:\/\/www.esencialnikarty.cz\/wp-content\/uploads\/2021\/08\/blue-butterfly-768x384.jpg 768w, https:\/\/www.esencialnikarty.cz\/wp-content\/uploads\/2021\/08\/blue-butterfly-800x400.jpg 800w, https:\/\/www.esencialnikarty.cz\/wp-content\/uploads\/2021\/08\/blue-butterfly-290x145.jpg 290w, https:\/\/www.esencialnikarty.cz\/wp-content\/uploads\/2021\/08\/blue-butterfly-600x300.jpg 600w\" sizes=\"(max-width: 1024px) 100vw, 1024px\" \/><div class=\"wp-block-cover__inner-container\">\n<p>&nbsp;<br>&nbsp;<br>&nbsp;<\/p>\n\n\n\n<p class=\"has-large-font-size\">Karty<\/p>\n\n\n\n<p class=\"has-white-color has-text-color\" style=\"font-size:40px\"><strong>ORACLE OF THE ESSENCES<\/strong><\/p>\n\n\n\n<p class=\"has-large-font-size\">\u010cesk\u00e1 verze<\/p>\n<\/div><\/div>\n\n\n\n<hr class=\"wp-block-separator has-text-color has-background\" style=\"background-color:#ebebeb;color:#ebebeb\"\/>\n\n\n\n<figure class=\"wp-block-image alignwide size-large\"><img loading=\"lazy\" width=\"1024\" height=\"299\" src=\"https:\/\/www.esencialnikarty.cz\/wp-content\/uploads\/2021\/08\/cards-1024x299.jpg\" alt=\"Oracle of the Essences\" class=\"wp-image-73\" srcset=\"https:\/\/www.esencialnikarty.cz\/wp-content\/uploads\/2021\/08\/cards-1024x299.jpg 1024w, https:\/\/www.esencialnikarty.cz\/wp-content\/uploads\/2021\/08\/cards-300x87.jpg 300w, https:\/\/www.esencialnikarty.cz\/wp-content\/uploads\/2021\/08\/cards-768x224.jpg 768w, https:\/\/www.esencialnikarty.cz\/wp-content\/uploads\/2021\/08\/cards-600x175.jpg 600w\" sizes=\"(max-width: 1024px) 100vw, 1024px\" \/><\/figure>\n\n\n\n<hr class=\"wp-block-separator has-text-color has-background\" style=\"background-color:#ebebeb;color:#ebebeb\"\/>\n\n\n\n<p class=\"has-text-align-left has-medium-font-size\">Karty <strong>Oracle of the Essences<\/strong> je V\u00e1\u0161 pr\u016fvodce l\u00e9\u010divou a duchovn\u00ed energi\u00ed rostlin a jejich p\u0159\u00edrodn\u00edmi vlastnostmi. Ka\u017ed\u00e1 karta je kr\u00e1sn\u00fdm um\u011bleck\u00fdm d\u00edlem zobrazuj\u00edc\u00ed osobnost a du\u0161i ka\u017ed\u00e9 rostliny. Uk\u00e1\u017ee v\u00e1m zp\u016fsoby, jak m\u016f\u017eete zv\u00fd\u0161it p\u0159irozenou hladinu energie, va\u0161e vibrace a jak se spojit s p\u0159irozenou silou ka\u017ed\u00e9 rostliny.<\/p>\n\n\n\n<hr class=\"wp-block-separator has-text-color has-background\" style=\"background-color:#ebebeb;color:#ebebeb\"\/>\n\n\n\n<div class=\"wp-block-group\"><div class=\"wp-block-group__inner-container\">\n<div class=\"wp-block-columns\">\n<div class=\"wp-block-column\">\n<p class=\"has-text-color has-medium-font-size\" style=\"color:#dc5c02\">Jmenuji se Jana \u0160krin\u00e1rov\u00e1 a p\u0159ed dv\u011bma lety jsem propadla kouzlu esenci\u00e1ln\u00edch olej\u016f. I d\u00edky tomu se mi dostaly do ruky karty <strong>Oracle of the Essences<\/strong>, kter\u00e9 jsem za\u010dala pou\u017e\u00edvat. A i p\u0159es mou chabou angli\u010dtinu jsem si je zamilovala. Ov\u0161em touha poznat jejich obsah a pln\u011b vyu\u017e\u00edt jejich potenci\u00e1l m\u011b p\u0159ivedla k n\u00e1padu vydat \u010deskou verzi karet. S pomoc\u00ed m\u00e9ho man\u017eela Alexe jsme se spojili s autorkou origin\u00e1ln\u00ed verze, \u00fa\u017easnou Australankou <strong>Monicou Finazzo<\/strong>. D\u00edky jej\u00edmu vst\u0159\u00edcn\u00e9mu p\u0159\u00edstupu a nad\u0161en\u00ed lid\u00ed, kte\u0159\u00ed se pod\u00edleli na p\u0159ekladech a \u010desk\u00fdch textech (t\u00edmto bych jim cht\u011bla je\u0161t\u011b jednou moc pod\u011bkovat) se n\u00e1m rok po prvn\u00edm kontaktu povedlo p\u0159elo\u017eit, vytisknout a p\u0159iv\u00e9st do \u010cesk\u00e9 republiky n\u00e1dhernou verzi <strong>Oracle of the Essences <\/strong>v \u010desk\u00e9m jazyce, kterou v\u00e1m nyn\u00ed p\u0159edstavuji.<\/p>\n<\/div>\n\n\n\n<div class=\"wp-block-column\">\n<figure class=\"wp-block-image size-full is-resized is-style-default\"><img loading=\"lazy\" src=\"https:\/\/www.esencialnikarty.cz\/wp-content\/uploads\/2021\/08\/book_final.jpg\" alt=\"Oracle of the Essences\" class=\"wp-image-62\" width=\"460\" height=\"398\" srcset=\"https:\/\/www.esencialnikarty.cz\/wp-content\/uploads\/2021\/08\/book_final.jpg 450w, https:\/\/www.esencialnikarty.cz\/wp-content\/uploads\/2021\/08\/book_final-300x259.jpg 300w\" sizes=\"(max-width: 460px) 100vw, 460px\" \/><\/figure>\n<\/div>\n<\/div>\n<\/div><\/div>\n\n\n\n<hr class=\"wp-block-separator has-text-color has-background\" style=\"background-color:#ebebeb;color:#ebebeb\"\/>\n\n\n\n<p class=\"has-medium-font-size\">Karty <strong>Oracle of the Essences &#8211; Czech Edition<\/strong> obsahuj\u00ed 70 barevn\u00fdch karet s obrazy a kl\u00ed\u010dov\u00fdmi slovy, kter\u00e9 ilustruj\u00ed, jak m\u016f\u017ee esence prosp\u011bt v\u00e1m i va\u0161im bl\u00edzk\u00fdm. D\u00e1le v bal\u00ed\u010dku naleznete 168 str\u00e1nkovou doprovodnou bro\u017euru, kter\u00e1 popisuje osobnost ka\u017ed\u00e9 esence, v\u00fdznam dan\u00e9 karty a z\u00e1v\u011bre\u010dnou afirmaci pro v\u00e1s. Kniha tak\u00e9 porad\u00ed, jak v kart\u00e1ch \u010d\u00edst, naleznete zde popis v\u00fdznam\u016f jednotliv\u00fdch barev a \u010daker, i r\u016fzn\u00e9 zp\u016fsoby vykl\u00e1d\u00e1n\u00ed karet. V\u0161e je zabaleno v dekorativn\u00ed krabi\u010dce s praktick\u00fdm magnetick\u00fdm uz\u00e1v\u011brem.<\/p>\n\n\n\n<div class=\"wp-block-media-text is-stacked-on-mobile has-white-color has-white-background-color has-text-color has-background\" style=\"grid-template-columns:35% auto\"><figure class=\"wp-block-media-text__media\"><img loading=\"lazy\" width=\"351\" height=\"450\" src=\"https:\/\/www.esencialnikarty.cz\/wp-content\/uploads\/2021\/08\/package_final.jpg\" alt=\"Oracle of the Essences\" class=\"wp-image-59 size-full\" srcset=\"https:\/\/www.esencialnikarty.cz\/wp-content\/uploads\/2021\/08\/package_final.jpg 351w, https:\/\/www.esencialnikarty.cz\/wp-content\/uploads\/2021\/08\/package_final-234x300.jpg 234w\" sizes=\"(max-width: 351px) 100vw, 351px\" \/><\/figure><div class=\"wp-block-media-text__content\">\n<h2 class=\"has-text-align-right has-black-color has-text-color\" style=\"font-size:26px\"> Oracle of the Essences<br>Czech Edition<\/h2>\n\n\n\n<h2 class=\"has-text-align-right has-black-color has-text-color\" style=\"font-size:34px\">Cena: 970 K\u010d<\/h2>\n\n\n\n<p class=\"has-text-align-right has-black-color has-text-color has-medium-font-size\">+ 99 K\u010d dob\u00edrka v\u010detn\u011b po\u0161tovn\u00e9ho a baln\u00e9ho<br> nebo osobn\u00ed odb\u011br v Praze zdarma<\/p>\n\n\n\n<p class=\"has-text-align-right has-black-color has-text-color has-medium-font-size\">V p\u0159\u00edpad\u011b z\u00e1jmu si m\u016f\u017eete karty objednat u m\u011b telefonicky, emailem a nebo vypln\u011bn\u00edm kontaktn\u00edho formul\u00e1\u0159e s uveden\u00edm adresy pro zasl\u00e1n\u00ed na dob\u00edrku.<br><\/p>\n\n\n\n<div class=\"wp-block-buttons is-content-justification-right\">\n<div class=\"wp-block-button\"><a class=\"wp-block-button__link\" href=\"https:\/\/www.esencialnikarty.cz\/index.php\/uvod\/kontakt\/\">Kontakt \/ Objednat<\/a><\/div>\n<\/div>\n\n\n\n<p><\/p>\n<\/div><\/div>\n\n\n\n<p><\/p>\n","protected":false},"excerpt":{"rendered":"<p>Oracle of the Essences \u2013 Czech Edition Karty Oracle of the Essences je V\u00e1\u0161 pr\u016fvodce l\u00e9\u010divou a duchovn\u00ed energi\u00ed rostlin a jejich p\u0159\u00edrodn\u00edmi vlastnostmi. Ka\u017ed\u00e1 karta je kr\u00e1sn\u00fdm um\u011bleck\u00fdm d\u00edlem zobrazuj\u00edc\u00ed osobnost a du\u0161i ka\u017ed\u00e9 rostliny. Uk\u00e1\u017ee v\u00e1m zp\u016fsoby, jak m\u016f\u017eete zv\u00fd\u0161it p\u0159irozenou hladinu energie, va\u0161e vibrace a jak se spojit s p\u0159irozenou silou ka\u017ed\u00e9&hellip;<\/p>\n","protected":false},"author":1,"featured_media":59,"parent":0,"menu_order":0,"comment_status":"closed","ping_status":"closed","template":"","meta":[],"aioseo_notices":[],"_links":{"self":[{"href":"https:\/\/www.esencialnikarty.cz\/index.php\/wp-json\/wp\/v2\/pages\/2"}],"collection":[{"href":"https:\/\/www.esencialnikarty.cz\/index.php\/wp-json\/wp\/v2\/pages"}],"about":[{"href":"https:\/\/www.esencialnikarty.cz\/index.php\/wp-json\/wp\/v2\/types\/page"}],"author":[{"embeddable":true,"href":"https:\/\/www.esencialnikarty.cz\/index.php\/wp-json\/wp\/v2\/users\/1"}],"replies":[{"embeddable":true,"href":"https:\/\/www.esencialnikarty.cz\/index.php\/wp-json\/wp\/v2\/comments?post=2"}],"version-history":[{"count":231,"href":"https:\/\/www.esencialnikarty.cz\/index.php\/wp-json\/wp\/v2\/pages\/2\/revisions"}],"predecessor-version":[{"id":362,"href":"https:\/\/www.esencialnikarty.cz\/index.php\/wp-json\/wp\/v2\/pages\/2\/revisions\/362"}],"wp:featuredmedia":[{"embeddable":true,"href":"https:\/\/www.esencialnikarty.cz\/index.php\/wp-json\/wp\/v2\/media\/59"}],"wp:attachment":[{"href":"https:\/\/www.esencialnikarty.cz\/index.php\/wp-json\/wp\/v2\/media?parent=2"}],"curies":[{"name":"wp","href":"https:\/\/api.w.org\/{rel}","templated":true}]}}