{"id":199,"date":"2021-08-15T07:22:49","date_gmt":"2021-08-15T05:22:49","guid":{"rendered":"https:\/\/webtest.esencialnikarty.cz\/?page_id=199"},"modified":"2021-08-18T13:18:49","modified_gmt":"2021-08-18T11:18:49","slug":"kontakt","status":"publish","type":"page","link":"https:\/\/www.esencialnikarty.cz\/index.php\/uvod\/kontakt\/","title":{"rendered":"Kontakt \/ Objednat"},"content":{"rendered":"\n<h1>Kontakt<\/h1>\n\n\n\n<div class=\"wp-block-columns\">\n<div class=\"wp-block-column\">\n<figure class=\"wp-block-image size-full is-resized is-style-default\"><img loading=\"lazy\" src=\"https:\/\/www.esencialnikarty.cz\/wp-content\/uploads\/2021\/08\/kontakt.jpg\" alt=\"kontakt\" class=\"wp-image-214\" width=\"564\" height=\"398\" srcset=\"https:\/\/www.esencialnikarty.cz\/wp-content\/uploads\/2021\/08\/kontakt.jpg 450w, https:\/\/www.esencialnikarty.cz\/wp-content\/uploads\/2021\/08\/kontakt-300x212.jpg 300w\" sizes=\"(max-width: 564px) 100vw, 564px\" \/><\/figure>\n<\/div>\n\n\n\n<div class=\"wp-block-column\">\n<p><\/p>\n\n\n\n<p>Jana \u0160krin\u00e1rov\u00e1<\/p>\n\n\n\n<p class=\"has-cyan-bluish-gray-color has-text-color\" id=\"wnd_TextBlock_913380969_inner_0\">Adresa:<\/p>\n\n\n\n<p id=\"wnd_TextBlock_913380969_inner_1\">Pod Zli\u010d\u00ednem 2819\/2, 155 00 Praha 5 &#8211; Stod\u016flky<\/p>\n\n\n\n<p class=\"has-cyan-bluish-gray-color has-text-color\">Telefon:<\/p>\n\n\n\n<p>+420 608 624 514<\/p>\n\n\n\n<p class=\"has-cyan-bluish-gray-color has-text-color\">E-mail:<\/p>\n\n\n\n<p>info@esencialnikarty.cz<\/p>\n\n\n\n<p class=\"has-cyan-bluish-gray-color has-text-color\">Bankovn\u00ed spojen\u00ed:<\/p>\n\n\n\n<p>\u010c\u00edslo \u00fa\u010dtu: 270 0627 583 \/ 2010<\/p>\n<\/div>\n<\/div>\n\n\n\n<hr class=\"wp-block-separator has-text-color has-background has-cyan-bluish-gray-background-color has-cyan-bluish-gray-color\"\/>\n\n\n\n<h1>Objednat<\/h1>\n\n\n<div class=\"wpforms-container wpforms-container-full wpforms-block\" id=\"wpforms-198\"><form id=\"wpforms-form-198\" class=\"wpforms-validate wpforms-form\" data-formid=\"198\" method=\"post\" enctype=\"multipart\/form-data\" action=\"\/index.php\/wp-json\/wp\/v2\/pages\/199\" data-token=\"5dac028f892ee5c098a9cb3967b84ea0\" data-token-time=\"1776342331\"><noscript class=\"wpforms-error-noscript\">Chcete-li vyplnit tento formul\u00e1\u0159, pros\u00edm povolte v prohl\u00ed\u017ee\u010di JavaScript.<\/noscript><div class=\"wpforms-field-container\"><div id=\"wpforms-198-field_2-container\" class=\"wpforms-field wpforms-field-name\" data-field-id=\"2\"><label class=\"wpforms-field-label\">Jm\u00e9no <span class=\"wpforms-required-label\">*<\/span><\/label><div class=\"wpforms-field-row wpforms-field-medium\"><div class=\"wpforms-field-row-block wpforms-first wpforms-one-half\"><input type=\"text\" id=\"wpforms-198-field_2\" class=\"wpforms-field-name-first wpforms-field-required\" name=\"wpforms[fields][2][first]\" required><label for=\"wpforms-198-field_2\" class=\"wpforms-field-sublabel after\">K\u0159estn\u00ed jm\u00e9no<\/label><\/div><div class=\"wpforms-field-row-block wpforms-one-half\"><input type=\"text\" id=\"wpforms-198-field_2-last\" class=\"wpforms-field-name-last wpforms-field-required\" name=\"wpforms[fields][2][last]\" required><label for=\"wpforms-198-field_2-last\" class=\"wpforms-field-sublabel after\">P\u0159\u00edjmen\u00ed<\/label><\/div><\/div><\/div><div id=\"wpforms-198-field_9-container\" class=\"wpforms-field wpforms-field-text\" data-field-id=\"9\"><label class=\"wpforms-field-label\" for=\"wpforms-198-field_9\">Ulice, \u010d.p. <span class=\"wpforms-required-label\">*<\/span><\/label><input type=\"text\" id=\"wpforms-198-field_9\" class=\"wpforms-field-medium wpforms-field-required\" name=\"wpforms[fields][9]\" required><\/div><div id=\"wpforms-198-field_15-container\" class=\"wpforms-field wpforms-field-text\" data-field-id=\"15\"><label class=\"wpforms-field-label\" for=\"wpforms-198-field_15\">PS\u010c, M\u011bsto (Obec) <span class=\"wpforms-required-label\">*<\/span><\/label><input type=\"text\" id=\"wpforms-198-field_15\" class=\"wpforms-field-medium wpforms-field-required\" name=\"wpforms[fields][15]\" required><\/div><div id=\"wpforms-198-field_3-container\" class=\"wpforms-field wpforms-field-email\" data-field-id=\"3\"><label class=\"wpforms-field-label\" for=\"wpforms-198-field_3\">E-mail <span class=\"wpforms-required-label\">*<\/span><\/label><input type=\"email\" id=\"wpforms-198-field_3\" class=\"wpforms-field-medium wpforms-field-required\" name=\"wpforms[fields][3]\" spellcheck=\"false\" required><\/div><div id=\"wpforms-198-field_10-container\" class=\"wpforms-field wpforms-field-text\" data-field-id=\"10\"><label class=\"wpforms-field-label\" for=\"wpforms-198-field_10\">Telefon<\/label><input type=\"text\" id=\"wpforms-198-field_10\" class=\"wpforms-field-medium\" name=\"wpforms[fields][10]\" ><\/div><div id=\"wpforms-198-field_4-container\" class=\"wpforms-field wpforms-field-number\" data-field-id=\"4\"><label class=\"wpforms-field-label\" for=\"wpforms-198-field_4\">Po\u010det kus\u016f <span class=\"wpforms-required-label\">*<\/span><\/label><input type=\"number\" id=\"wpforms-198-field_4\" class=\"wpforms-field-medium wpforms-field-required\" name=\"wpforms[fields][4]\" value=\"1\" step=\"any\" required><\/div><div id=\"wpforms-198-field_8-container\" class=\"wpforms-field wpforms-field-textarea\" data-field-id=\"8\"><label class=\"wpforms-field-label\" for=\"wpforms-198-field_8\">Pozn\u00e1mka<\/label><textarea id=\"wpforms-198-field_8\" class=\"wpforms-field-small\" name=\"wpforms[fields][8]\" ><\/textarea><\/div><\/div><!-- .wpforms-field-container --><div class=\"wpforms-recaptcha-container wpforms-is-recaptcha wpforms-is-recaptcha-type-v3\" ><input type=\"hidden\" name=\"wpforms[recaptcha]\" value=\"\"><\/div><div class=\"wpforms-submit-container\" ><input type=\"hidden\" name=\"wpforms[id]\" value=\"198\"><input type=\"hidden\" name=\"page_title\" value=\"\"><input type=\"hidden\" name=\"page_url\" value=\"https:\/\/www.esencialnikarty.cz\/index.php\/wp-json\/wp\/v2\/pages\/199\"><input type=\"hidden\" name=\"url_referer\" value=\"\"><button type=\"submit\" name=\"wpforms[submit]\" id=\"wpforms-submit-198\" class=\"wpforms-submit\" data-alt-text=\"Odes\u00edl\u00e1ni...\" data-submit-text=\"Odeslat\" aria-live=\"assertive\" value=\"wpforms-submit\">Odeslat<\/button><\/div><\/form><\/div>  <!-- .wpforms-container -->","protected":false},"excerpt":{"rendered":"<p>Kontakt Jana \u0160krin\u00e1rov\u00e1 Adresa: Pod Zli\u010d\u00ednem 2819\/2, 155 00 Praha 5 &#8211; Stod\u016flky Telefon: +420 608 624 514 E-mail: info@esencialnikarty.cz Bankovn\u00ed spojen\u00ed: \u010c\u00edslo \u00fa\u010dtu: 270 0627 583 \/ 2010 Objednat<\/p>\n","protected":false},"author":1,"featured_media":0,"parent":2,"menu_order":0,"comment_status":"closed","ping_status":"closed","template":"","meta":[],"aioseo_notices":[],"_links":{"self":[{"href":"https:\/\/www.esencialnikarty.cz\/index.php\/wp-json\/wp\/v2\/pages\/199"}],"collection":[{"href":"https:\/\/www.esencialnikarty.cz\/index.php\/wp-json\/wp\/v2\/pages"}],"about":[{"href":"https:\/\/www.esencialnikarty.cz\/index.php\/wp-json\/wp\/v2\/types\/page"}],"author":[{"embeddable":true,"href":"https:\/\/www.esencialnikarty.cz\/index.php\/wp-json\/wp\/v2\/users\/1"}],"replies":[{"embeddable":true,"href":"https:\/\/www.esencialnikarty.cz\/index.php\/wp-json\/wp\/v2\/comments?post=199"}],"version-history":[{"count":17,"href":"https:\/\/www.esencialnikarty.cz\/index.php\/wp-json\/wp\/v2\/pages\/199\/revisions"}],"predecessor-version":[{"id":351,"href":"https:\/\/www.esencialnikarty.cz\/index.php\/wp-json\/wp\/v2\/pages\/199\/revisions\/351"}],"up":[{"embeddable":true,"href":"https:\/\/www.esencialnikarty.cz\/index.php\/wp-json\/wp\/v2\/pages\/2"}],"wp:attachment":[{"href":"https:\/\/www.esencialnikarty.cz\/index.php\/wp-json\/wp\/v2\/media?parent=199"}],"curies":[{"name":"wp","href":"https:\/\/api.w.org\/{rel}","templated":true}]}}